{"id":1358,"date":"2025-11-25T08:54:10","date_gmt":"2025-11-25T08:54:10","guid":{"rendered":"http:\/\/burie.dmu.edu.et\/?page_id=1358"},"modified":"2025-11-25T08:54:10","modified_gmt":"2025-11-25T08:54:10","slug":"habtamu-yigermal-temie","status":"publish","type":"page","link":"https:\/\/burie.dmu.edu.et\/?page_id=1358","title":{"rendered":"Habtamu Yigermal Temie"},"content":{"rendered":"\n<p><strong>1.<\/strong><strong>&nbsp;&nbsp;&nbsp;&nbsp;&nbsp;<\/strong><strong>Profile photo<\/strong><strong><\/strong><\/p>\n\n\n\n<figure class=\"wp-block-image size-full\"><img decoding=\"async\" src=\"http:\/\/burie.dmu.edu.et\/wp-content\/uploads\/sites\/11\/2025\/11\/Habtish-1.png\" alt=\"\" class=\"wp-image-1359\" \/><\/figure>\n\n\n\n<p><strong>2.<\/strong>&nbsp; <strong>Full Name: <\/strong>Habtamu Yigermal Temie<\/p>\n\n\n\n<p><strong>3.<\/strong>&nbsp; <strong>Specialization: <\/strong>Plant Nutrition<\/p>\n\n\n\n<p><strong>4.<\/strong>&nbsp; <strong>Academic rank: <\/strong>PhD candidate<\/p>\n\n\n\n<p><strong>5.<\/strong>&nbsp; <strong>Department: <\/strong>Horticulture<\/p>\n\n\n\n<p><strong>6.<\/strong>&nbsp; <strong>Phone number: <\/strong>+251921289837<\/p>\n\n\n\n<p><strong>7.<\/strong>&nbsp; <strong>Institutional email: <\/strong>habtamu_yigermal@dmu.edu.et<\/p>\n\n\n\n<p><strong>8.<\/strong>&nbsp; <strong>Alternative email: <\/strong>habtamuyigermal@gmail.com<\/p>\n\n\n\n<p><strong>9.<\/strong>&nbsp; <strong>Research interests:<\/strong><strong><\/strong><\/p>\n\n\n\n<p>\u00d8&nbsp;&nbsp;Stomatal regulation, photosynthetic efficiency and crop yield enhancement<\/p>\n\n\n\n<p>\u00d8&nbsp;&nbsp;Soil organic carbon sequestration, sustainable soil fertility and nutrient management<\/p>\n\n\n\n<p>\u00d8&nbsp;&nbsp;Soil\u2013plant\u2013microbe interactions and their role in improving agroecosystem resilience<\/p>\n\n\n\n<p><strong>10.<\/strong>&nbsp;&nbsp;<strong>ORCID ID:<\/strong><a href=\"https:\/\/orcid.org\/0000-0002-0606-2857\">&nbsp;<\/a><a href=\"https:\/\/orcid.org\/0000-0002-0606-2857\"><strong><u><strong>https:\/\/orcid.org\/0000-0002-0606-2857<\/strong><\/u><\/strong><\/a><strong><u><strong><\/strong><\/u><\/strong><\/p>\n\n\n\n<p><strong>11.<\/strong>\u00a0\u00a0<strong>List of publications:<\/strong><\/p>\n\n\n\n<ol class=\"wp-block-list\">\n<li>Yigermal, H., Nakachew, K., &amp; Assefa, F. (2019). Effects of integrated nutrient application on phenological, vegetative growth and yield-related parameters of maize in Ethiopia: a review. <em>Cogent Food &amp; Agriculture<\/em>, <em>5<\/em>(1), 1567998.<\/li>\n\n\n\n<li>Yigermal, H., &amp; Assefa, F. (2019). Impact of the invasive water hyacinth (Eichhornia crassipes) on socio-economic attributes: a review. <em>Journal of Agriculture and Environmental Sciences<\/em>, <em>4<\/em>(2), 46-56.<\/li>\n\n\n\n<li>Yigermal, H., Nakachew, K., &amp; Assefa, F. (2024). The effects of seedling transplanting on growth and yield performance of maize (Zea mays L.) for climate change resilience in Burie District, Northwestern Ethiopia: Dataset Article. <em>Data in Brief<\/em>, <em>54<\/em>, 110410.<\/li>\n\n\n\n<li>Yigermal, H., Tadesse, T., Abate, A., Nakachew, K., &amp; Alemayehu, G. (2021). Effects of seedling type and age on the yield and yield-related traits of transplanted maize (Zea mays L.) in Burie District, Northwestern Ethiopia. <em>Ethiopian Journal of Agricultural Sciences<\/em>, <em>31<\/em>(3), 115-133.<\/li>\n\n\n\n<li>Yigermal, H., Nakachew, K., &amp; Assefa, F. (2020). Distribution, threats and management options for water hyacinth (Eichhornia crassipes) in Ethiopia: a review.<\/li>\n\n\n\n<li>Yigermal, H., Tadesse, T., &amp; Abate, A. (2021). Effects of Seedling Types and Their Age on Phenological and Vegetative Growth Parameters of Maize (Zea Mays L.) in Burie District, West Gojjam Zone, North Western Ethiopia.<\/li>\n\n\n\n<li>Nakachew, K., Yigermal, H., Assefa, F., Gelaye, Y., &amp; Ali, S. (2024). Review on enhancing the efficiency of fertilizer utilization: Strategies for optimal nutrient management. <em>Open Agriculture<\/em>, <em>9<\/em>(1), 20220356.<\/li>\n\n\n\n<li>Nakachew, K., Yigermal, H., Assefa, F., Ali, S., Simachew, M., &amp; Gebeyehu, T. (2025). Growth and yield components of bread wheat as affected by seed and nitrogen\u2010phosphorous fertilizer rates in Burie District, Northwestern Ethiopia. <em>Crop, Forage &amp; Turfgrass Management<\/em>, <em>11<\/em>(1), e70020.<\/li>\n\n\n\n<li>Assefa, F., Mengist, Y., Yigermal, H., &amp; Nakachew, K. (2025). From brewery waste to agricultural wealth: Enhancing nitrogen use efficiency and productivity of maize through brewery sludge and blended NPS fertilizer in North Mecha District, Northwestern Ethiopia. <em>PLoS One<\/em>, <em>20<\/em>(5), e0319958.<\/li>\n<\/ol>\n","protected":false},"excerpt":{"rendered":"<p>1.&nbsp;&nbsp;&nbsp;&nbsp;&nbsp;Profile photo 2.&nbsp; Full Name: Habtamu Yigermal Temie 3.&nbsp; Specialization: Plant Nutrition 4.&nbsp; Academic rank: PhD candidate 5.&nbsp; Department: Horticulture 6.&nbsp; Phone number: +251921289837 7.&nbsp; Institutional email: habtamu_yigermal@dmu.edu.et 8.&nbsp; Alternative email: habtamuyigermal@gmail.com 9.&nbsp; Research interests: \u00d8&nbsp;&nbsp;Stomatal regulation, photosynthetic efficiency and crop yield enhancement \u00d8&nbsp;&nbsp;Soil organic carbon sequestration, sustainable soil fertility and nutrient management \u00d8&nbsp;&nbsp;Soil\u2013plant\u2013microbe interactions [&hellip;]<\/p>\n","protected":false},"author":4,"featured_media":0,"parent":0,"menu_order":0,"comment_status":"closed","ping_status":"closed","template":"","meta":{"footnotes":""},"class_list":["post-1358","page","type-page","status-publish","hentry"],"_links":{"self":[{"href":"https:\/\/burie.dmu.edu.et\/index.php?rest_route=\/wp\/v2\/pages\/1358","targetHints":{"allow":["GET"]}}],"collection":[{"href":"https:\/\/burie.dmu.edu.et\/index.php?rest_route=\/wp\/v2\/pages"}],"about":[{"href":"https:\/\/burie.dmu.edu.et\/index.php?rest_route=\/wp\/v2\/types\/page"}],"author":[{"embeddable":true,"href":"https:\/\/burie.dmu.edu.et\/index.php?rest_route=\/wp\/v2\/users\/4"}],"replies":[{"embeddable":true,"href":"https:\/\/burie.dmu.edu.et\/index.php?rest_route=%2Fwp%2Fv2%2Fcomments&post=1358"}],"version-history":[{"count":1,"href":"https:\/\/burie.dmu.edu.et\/index.php?rest_route=\/wp\/v2\/pages\/1358\/revisions"}],"predecessor-version":[{"id":1360,"href":"https:\/\/burie.dmu.edu.et\/index.php?rest_route=\/wp\/v2\/pages\/1358\/revisions\/1360"}],"wp:attachment":[{"href":"https:\/\/burie.dmu.edu.et\/index.php?rest_route=%2Fwp%2Fv2%2Fmedia&parent=1358"}],"curies":[{"name":"wp","href":"https:\/\/api.w.org\/{rel}","templated":true}]}}